{"id":6111,"date":"2023-10-25T05:45:59","date_gmt":"2023-10-25T05:45:59","guid":{"rendered":"http:\/\/helpfixmywreck.com\/descargo-de-responsabilidad\/"},"modified":"2023-10-25T05:48:39","modified_gmt":"2023-10-25T05:48:39","slug":"descargo-de-responsabilidad","status":"publish","type":"page","link":"https:\/\/helpfixmywreck.com\/es\/descargo-de-responsabilidad\/","title":{"rendered":"Descargo de responsabilidad"},"content":{"rendered":"<p><section id=\"bt_bb_section69dd0d655b73e\" class=\"bt_bb_section bt_bb_layout_boxed_1200 bt_bb_vertical_align_top bt_bb_top_spacing_large bt_bb_bottom_spacing_large\"  data-bt-override-class=\"null\"><div class=\"bt_bb_background_image_holder_wrapper\"><div class=\"bt_bb_background_image_holder btLazyLoadBackground bt_bb_parallax\"  data-background_image_src=\"https:\/\/helpfixmywreck.com\/wp-content\/uploads\/2023\/07\/Car-Accident-in-Houston-TX-image-1.jpg\" data-parallax=\"0.7\" data-parallax-offset=\"0\" data-parallax-zoom-start=\"1\" data-parallax-zoom-end=\"1\" data-parallax-blur-start=\"0\" data-parallax-blur-end=\"0\" data-parallax-opacity-start=\"1\" data-parallax-opacity-end=\"1\" style=\" background-image: url(&#039;https:\/\/helpfixmywreck.com\/wp-content\/plugins\/bold-page-builder\/img\/blank.gif&#039;);\"><\/div><\/div><div class=\"bt_bb_port\"><div class=\"bt_bb_cell\"><div class=\"bt_bb_cell_inner\"><div class=\"bt_bb_row \"  data-bt-override-class=\"{}\"><div class=\"bt_bb_row_holder\" ><div  class=\"bt_bb_column col-xl-12 bt_bb_align_center bt_bb_padding_normal\"  data-width=\"12\" data-bt-override-class=\"{}\"><div class=\"bt_bb_column_content bt_bb_vertical_align_top bt_bb_color_scheme_\"><div class=\"bt_bb_column_content_inner\"><div class=\"bt_bb_separator bt_bb_border_style_none bt_bb_top_spacing_normal bt_bb_bottom_spacing_medium bt_bb_hidden_xs bt_bb_hidden_ms bt_bb_hidden_sm\" data-bt-override-class=\"null\"><\/div><header data-bb-version=\"4.6.1\" class=\"bt_bb_headline bt_bb_font_weight_bold bt_bb_subheadline_text_transform_default bt_bb_color_scheme_1 bt_bb_dash_top_bottom bt_bb_size_extraextrahuge bt_bb_align_inherit\" style=\"; --primary-color:#ffffff; --secondary-color:#191919;\" data-bt-override-class=\"{&quot;bt_bb_size_&quot;:{&quot;current_class&quot;:&quot;bt_bb_size_extraextrahuge&quot;,&quot;xxl&quot;:&quot;extraextrahuge&quot;},&quot;bt_bb_align_&quot;:{&quot;current_class&quot;:&quot;bt_bb_align_inherit&quot;,&quot;xxl&quot;:&quot;inherit&quot;}}\"><h1 class=\"bt_bb_headline_tag\"><span class=\"bt_bb_headline_content\"><span>Descargo de responsabilidad<\/span><\/span><\/h1><\/header><div class=\"bt_bb_separator bt_bb_border_style_none bt_bb_bottom_spacing_large bt_bb_hidden_xs bt_bb_hidden_ms bt_bb_hidden_sm\" data-bt-override-class=\"null\"><\/div><\/div><\/div><\/div><\/div><\/div><\/div><!-- cell_inner --><\/div><!-- cell --><\/div><!-- port --><\/section><section data-bb-version=\"4.5.9\" id=\"bt_bb_section69dd0d655ba92\" class=\"bt_bb_section bt_bb_layout_boxed_1200 bt_bb_vertical_align_top bt_bb_top_spacing_medium bt_bb_bottom_spacing_medium\"  data-bt-override-class=\"{&quot;bt_bb_top_spacing_&quot;:{&quot;current_class&quot;:&quot;bt_bb_top_spacing_medium&quot;,&quot;xxl&quot;:&quot;medium&quot;},&quot;bt_bb_bottom_spacing_&quot;:{&quot;current_class&quot;:&quot;bt_bb_bottom_spacing_medium&quot;,&quot;xxl&quot;:&quot;medium&quot;}}\"><div class=\"bt_bb_port\"><div class=\"bt_bb_cell\"><div class=\"bt_bb_cell_inner\"><div class=\"bt_bb_row \"  data-bt-override-class=\"{}\"><div class=\"bt_bb_row_holder\" ><div data-bb-version=\"4.6.1\"  class=\"bt_bb_column col-xl-12 col-xs-12 col-sm-12 col-md-12 col-lg-12 bt_bb_align_left bt_bb_padding_normal\"  data-width=\"12\" data-bt-override-class=\"{}\"><div class=\"bt_bb_column_content bt_bb_vertical_align_top bt_bb_color_scheme_\"><div class=\"bt_bb_column_content_inner\"><div data-bb-version=\"4.6.1\"  class=\"bt_bb_text\" ><\/p>\n<p>El contenido de este sitio web tiene fines informativos generales y no debe interpretarse como asesoramiento jur\u00eddico. Le recomendamos que pida consejo a un abogado cualificado para que le oriente en funci\u00f3n de sus circunstancias espec\u00edficas. Le animamos a que se ponga en contacto con nosotros y estamos abiertos a sus llamadas, correspondencia y comunicaciones electr\u00f3nicas. No obstante, tenga en cuenta que el hecho de ponerse en contacto con nosotros no establece autom\u00e1ticamente una relaci\u00f3n abogado-cliente. Le rogamos que no revele ning\u00fan detalle confidencial hasta que se confirme una relaci\u00f3n formal abogado-cliente.<\/p>\n<p>\n<\/div><\/div><\/div><\/div><\/div><\/div><\/div><!-- cell_inner --><\/div><!-- cell --><\/div><!-- port --><\/section><\/p>\n","protected":false},"excerpt":{"rendered":"","protected":false},"author":5,"featured_media":0,"parent":0,"menu_order":0,"comment_status":"closed","ping_status":"closed","template":"","meta":{"_acf_changed":false,"inline_featured_image":false,"_monsterinsights_skip_tracking":false,"_monsterinsights_sitenote_active":false,"_monsterinsights_sitenote_note":"","_monsterinsights_sitenote_category":0,"footnotes":""},"class_list":["post-6111","page","type-page","status-publish","hentry"],"acf":[],"yoast_head":"<!-- This site is optimized with the Yoast SEO plugin v25.0 - https:\/\/yoast.com\/wordpress\/plugins\/seo\/ -->\n<title>Descargo de responsabilidad<\/title>\n<meta name=\"robots\" content=\"noindex, follow\" \/>\n<meta property=\"og:locale\" content=\"es_MX\" \/>\n<meta property=\"og:type\" content=\"article\" \/>\n<meta property=\"og:title\" content=\"Descargo de responsabilidad\" \/>\n<meta property=\"og:url\" content=\"https:\/\/helpfixmywreck.com\/es\/descargo-de-responsabilidad\/\" \/>\n<meta property=\"og:site_name\" content=\"Crystal Henry Personal Injury and Accident Lawyer\" \/>\n<meta property=\"article:publisher\" content=\"https:\/\/www.facebook.com\/CrystalHenryesq\/\" \/>\n<meta property=\"article:modified_time\" content=\"2023-10-25T05:48:39+00:00\" \/>\n<meta name=\"twitter:card\" content=\"summary_large_image\" \/>\n<meta name=\"twitter:label1\" content=\"Tiempo de lectura\" \/>\n\t<meta name=\"twitter:data1\" content=\"3 minutos\" \/>\n<script type=\"application\/ld+json\" class=\"yoast-schema-graph\">{\"@context\":\"https:\/\/schema.org\",\"@graph\":[{\"@type\":\"WebPage\",\"@id\":\"https:\/\/helpfixmywreck.com\/es\/descargo-de-responsabilidad\/\",\"url\":\"https:\/\/helpfixmywreck.com\/es\/descargo-de-responsabilidad\/\",\"name\":\"Descargo de responsabilidad\",\"isPartOf\":{\"@id\":\"https:\/\/helpfixmywreck.com\/es\/#website\"},\"datePublished\":\"2023-10-25T05:45:59+00:00\",\"dateModified\":\"2023-10-25T05:48:39+00:00\",\"breadcrumb\":{\"@id\":\"https:\/\/helpfixmywreck.com\/es\/descargo-de-responsabilidad\/#breadcrumb\"},\"inLanguage\":\"es\",\"potentialAction\":[{\"@type\":\"ReadAction\",\"target\":[\"https:\/\/helpfixmywreck.com\/es\/descargo-de-responsabilidad\/\"]}]},{\"@type\":\"BreadcrumbList\",\"@id\":\"https:\/\/helpfixmywreck.com\/es\/descargo-de-responsabilidad\/#breadcrumb\",\"itemListElement\":[{\"@type\":\"ListItem\",\"position\":1,\"name\":\"Home\",\"item\":\"https:\/\/helpfixmywreck.com\/es\/\"},{\"@type\":\"ListItem\",\"position\":2,\"name\":\"Descargo de responsabilidad\"}]},{\"@type\":\"WebSite\",\"@id\":\"https:\/\/helpfixmywreck.com\/es\/#website\",\"url\":\"https:\/\/helpfixmywreck.com\/es\/\",\"name\":\"Crystal Henry Personal Injury and Accident Lawyer\",\"description\":\"\",\"publisher\":{\"@id\":\"https:\/\/helpfixmywreck.com\/es\/#organization\"},\"alternateName\":\"Attorney Crystal Henry\",\"potentialAction\":[{\"@type\":\"SearchAction\",\"target\":{\"@type\":\"EntryPoint\",\"urlTemplate\":\"https:\/\/helpfixmywreck.com\/es\/?s={search_term_string}\"},\"query-input\":{\"@type\":\"PropertyValueSpecification\",\"valueRequired\":true,\"valueName\":\"search_term_string\"}}],\"inLanguage\":\"es\"},{\"@type\":\"Organization\",\"@id\":\"https:\/\/helpfixmywreck.com\/es\/#organization\",\"name\":\"Crystal Henry Personal Injury and Accident Lawyer\",\"alternateName\":\"Law Office of Crystal Henry\",\"url\":\"https:\/\/helpfixmywreck.com\/es\/\",\"logo\":{\"@type\":\"ImageObject\",\"inLanguage\":\"es\",\"@id\":\"https:\/\/helpfixmywreck.com\/es\/#\/schema\/logo\/image\/\",\"url\":\"http:\/\/helpfixmywreck.com\/wp-content\/uploads\/2023\/10\/Crystal-Henry-Personal-Injury-and-Accident-Lawyer-logo-1.jpg\",\"contentUrl\":\"http:\/\/helpfixmywreck.com\/wp-content\/uploads\/2023\/10\/Crystal-Henry-Personal-Injury-and-Accident-Lawyer-logo-1.jpg\",\"width\":1390,\"height\":1390,\"caption\":\"Crystal Henry Personal Injury and Accident Lawyer\"},\"image\":{\"@id\":\"https:\/\/helpfixmywreck.com\/es\/#\/schema\/logo\/image\/\"},\"sameAs\":[\"https:\/\/www.facebook.com\/CrystalHenryesq\/\",\"https:\/\/www.linkedin.com\/in\/crystal-henry-esq\/\",\"https:\/\/www.yelp.com\/biz\/crystal-henry-personal-injury-and-accident-lawyer-houston\",\"https:\/\/www.texasbar.com\/attorneys\/member.cfm?id=354538\",\"https:\/\/www.reddit.com\/user\/helpfixmywreck\/\"]}]}<\/script>\n<!-- \/ Yoast SEO plugin. -->","yoast_head_json":{"title":"Descargo de responsabilidad","robots":{"index":"noindex","follow":"follow"},"og_locale":"es_MX","og_type":"article","og_title":"Descargo de responsabilidad","og_url":"https:\/\/helpfixmywreck.com\/es\/descargo-de-responsabilidad\/","og_site_name":"Crystal Henry Personal Injury and Accident Lawyer","article_publisher":"https:\/\/www.facebook.com\/CrystalHenryesq\/","article_modified_time":"2023-10-25T05:48:39+00:00","twitter_card":"summary_large_image","twitter_misc":{"Tiempo de lectura":"3 minutos"},"schema":{"@context":"https:\/\/schema.org","@graph":[{"@type":"WebPage","@id":"https:\/\/helpfixmywreck.com\/es\/descargo-de-responsabilidad\/","url":"https:\/\/helpfixmywreck.com\/es\/descargo-de-responsabilidad\/","name":"Descargo de responsabilidad","isPartOf":{"@id":"https:\/\/helpfixmywreck.com\/es\/#website"},"datePublished":"2023-10-25T05:45:59+00:00","dateModified":"2023-10-25T05:48:39+00:00","breadcrumb":{"@id":"https:\/\/helpfixmywreck.com\/es\/descargo-de-responsabilidad\/#breadcrumb"},"inLanguage":"es","potentialAction":[{"@type":"ReadAction","target":["https:\/\/helpfixmywreck.com\/es\/descargo-de-responsabilidad\/"]}]},{"@type":"BreadcrumbList","@id":"https:\/\/helpfixmywreck.com\/es\/descargo-de-responsabilidad\/#breadcrumb","itemListElement":[{"@type":"ListItem","position":1,"name":"Home","item":"https:\/\/helpfixmywreck.com\/es\/"},{"@type":"ListItem","position":2,"name":"Descargo de responsabilidad"}]},{"@type":"WebSite","@id":"https:\/\/helpfixmywreck.com\/es\/#website","url":"https:\/\/helpfixmywreck.com\/es\/","name":"Crystal Henry Personal Injury and Accident Lawyer","description":"","publisher":{"@id":"https:\/\/helpfixmywreck.com\/es\/#organization"},"alternateName":"Attorney Crystal Henry","potentialAction":[{"@type":"SearchAction","target":{"@type":"EntryPoint","urlTemplate":"https:\/\/helpfixmywreck.com\/es\/?s={search_term_string}"},"query-input":{"@type":"PropertyValueSpecification","valueRequired":true,"valueName":"search_term_string"}}],"inLanguage":"es"},{"@type":"Organization","@id":"https:\/\/helpfixmywreck.com\/es\/#organization","name":"Crystal Henry Personal Injury and Accident Lawyer","alternateName":"Law Office of Crystal Henry","url":"https:\/\/helpfixmywreck.com\/es\/","logo":{"@type":"ImageObject","inLanguage":"es","@id":"https:\/\/helpfixmywreck.com\/es\/#\/schema\/logo\/image\/","url":"http:\/\/helpfixmywreck.com\/wp-content\/uploads\/2023\/10\/Crystal-Henry-Personal-Injury-and-Accident-Lawyer-logo-1.jpg","contentUrl":"http:\/\/helpfixmywreck.com\/wp-content\/uploads\/2023\/10\/Crystal-Henry-Personal-Injury-and-Accident-Lawyer-logo-1.jpg","width":1390,"height":1390,"caption":"Crystal Henry Personal Injury and Accident Lawyer"},"image":{"@id":"https:\/\/helpfixmywreck.com\/es\/#\/schema\/logo\/image\/"},"sameAs":["https:\/\/www.facebook.com\/CrystalHenryesq\/","https:\/\/www.linkedin.com\/in\/crystal-henry-esq\/","https:\/\/www.yelp.com\/biz\/crystal-henry-personal-injury-and-accident-lawyer-houston","https:\/\/www.texasbar.com\/attorneys\/member.cfm?id=354538","https:\/\/www.reddit.com\/user\/helpfixmywreck\/"]}]}},"_links":{"self":[{"href":"https:\/\/helpfixmywreck.com\/es\/wp-json\/wp\/v2\/pages\/6111","targetHints":{"allow":["GET"]}}],"collection":[{"href":"https:\/\/helpfixmywreck.com\/es\/wp-json\/wp\/v2\/pages"}],"about":[{"href":"https:\/\/helpfixmywreck.com\/es\/wp-json\/wp\/v2\/types\/page"}],"author":[{"embeddable":true,"href":"https:\/\/helpfixmywreck.com\/es\/wp-json\/wp\/v2\/users\/5"}],"replies":[{"embeddable":true,"href":"https:\/\/helpfixmywreck.com\/es\/wp-json\/wp\/v2\/comments?post=6111"}],"version-history":[{"count":2,"href":"https:\/\/helpfixmywreck.com\/es\/wp-json\/wp\/v2\/pages\/6111\/revisions"}],"predecessor-version":[{"id":6113,"href":"https:\/\/helpfixmywreck.com\/es\/wp-json\/wp\/v2\/pages\/6111\/revisions\/6113"}],"wp:attachment":[{"href":"https:\/\/helpfixmywreck.com\/es\/wp-json\/wp\/v2\/media?parent=6111"}],"curies":[{"name":"wp","href":"https:\/\/api.w.org\/{rel}","templated":true}]}}