{"id":5302,"date":"2023-07-07T13:06:13","date_gmt":"2023-07-07T13:06:13","guid":{"rendered":"https:\/\/hfmw2.outreachbolt.com\/preguntas-frecuentes\/"},"modified":"2023-08-24T14:57:39","modified_gmt":"2023-08-24T14:57:39","slug":"preguntas-frecuentes","status":"publish","type":"page","link":"https:\/\/helpfixmywreck.com\/es\/preguntas-frecuentes\/","title":{"rendered":"Preguntas frecuentes"},"content":{"rendered":"<p><section id=\"bt_bb_section69dd0d435349e\" class=\"bt_bb_section bt_bb_layout_boxed_1200 bt_bb_vertical_align_top bt_bb_top_spacing_large bt_bb_bottom_spacing_large\"  data-bt-override-class=\"null\"><div class=\"bt_bb_background_image_holder_wrapper\"><div class=\"bt_bb_background_image_holder btLazyLoadBackground bt_bb_parallax\"  data-background_image_src=\"https:\/\/helpfixmywreck.com\/wp-content\/uploads\/2023\/07\/About-Crystal-Henry-Personal-Injury-Lawyer.jpg\" data-parallax=\"0.7\" data-parallax-offset=\"0\" data-parallax-zoom-start=\"1\" data-parallax-zoom-end=\"1\" data-parallax-blur-start=\"0\" data-parallax-blur-end=\"0\" data-parallax-opacity-start=\"1\" data-parallax-opacity-end=\"1\" style=\" background-image: url(&#039;https:\/\/helpfixmywreck.com\/wp-content\/plugins\/bold-page-builder\/img\/blank.gif&#039;);\"><\/div><\/div><div class=\"bt_bb_port\"><div class=\"bt_bb_cell\"><div class=\"bt_bb_cell_inner\"><div class=\"bt_bb_row \"  data-bt-override-class=\"{}\"><div class=\"bt_bb_row_holder\" ><div  class=\"bt_bb_column col-xl-12 bt_bb_align_center bt_bb_padding_normal\"  data-width=\"12\" data-bt-override-class=\"{}\"><div class=\"bt_bb_column_content bt_bb_vertical_align_top bt_bb_color_scheme_\"><div class=\"bt_bb_column_content_inner\"><div class=\"bt_bb_separator bt_bb_border_style_none bt_bb_top_spacing_normal bt_bb_bottom_spacing_medium bt_bb_hidden_xs bt_bb_hidden_ms bt_bb_hidden_sm\" data-bt-override-class=\"null\"><\/div><header data-bb-version=\"4.5.9\" class=\"bt_bb_headline bt_bb_font_weight_bold bt_bb_subheadline_text_transform_default bt_bb_color_scheme_2 bt_bb_dash_none bt_bb_size_extraextrahuge bt_bb_align_inherit\" style=\"; --primary-color:#191919; --secondary-color:#ffffff;\" data-bt-override-class=\"{&quot;bt_bb_size_&quot;:{&quot;current_class&quot;:&quot;bt_bb_size_extraextrahuge&quot;,&quot;xxl&quot;:&quot;extraextrahuge&quot;},&quot;bt_bb_align_&quot;:{&quot;current_class&quot;:&quot;bt_bb_align_inherit&quot;,&quot;xxl&quot;:&quot;inherit&quot;}}\"><h1 class=\"bt_bb_headline_tag\"><span class=\"bt_bb_headline_content\"><span>Preguntas frecuentes<\/span><\/span><\/h1><\/header><div class=\"bt_bb_separator bt_bb_border_style_none bt_bb_bottom_spacing_large bt_bb_hidden_xs bt_bb_hidden_ms bt_bb_hidden_sm\" data-bt-override-class=\"null\"><\/div><\/div><\/div><\/div><\/div><\/div><\/div><!-- cell_inner --><\/div><!-- cell --><\/div><!-- port --><\/section><section data-bb-version=\"4.5.9\" id=\"faq\" class=\"bt_bb_section bt_bb_layout_boxed_1200 bt_bb_vertical_align_top bt_bb_top_spacing_medium bt_bb_bottom_spacing_\"  data-bt-override-class=\"{&quot;bt_bb_top_spacing_&quot;:{&quot;current_class&quot;:&quot;bt_bb_top_spacing_medium&quot;,&quot;xxl&quot;:&quot;medium&quot;},&quot;bt_bb_bottom_spacing_&quot;:{&quot;current_class&quot;:&quot;bt_bb_bottom_spacing_&quot;,&quot;xxl&quot;:&quot;&quot;}}\"><div class=\"bt_bb_port\"><div class=\"bt_bb_cell\"><div class=\"bt_bb_cell_inner\"><div class=\"bt_bb_row \"  data-bt-override-class=\"{}\"><div class=\"bt_bb_row_holder\" ><div data-bb-version=\"4.5.9\"  class=\"bt_bb_column col-xl-12 col-xs-12 col-sm-12 col-md-12 col-lg-12 bt_bb_align_left bt_bb_padding_normal\"  data-width=\"12\" data-bt-override-class=\"{}\"><div class=\"bt_bb_column_content bt_bb_vertical_align_top bt_bb_color_scheme_\"><div class=\"bt_bb_column_content_inner\"><div data-bb-version=\"4.5.9\"  class=\"bt_bb_text\" ><\/p>\n<div class=\"container\">\n<div class=\"message-data\">\n<div class=\"message-body\">\n<p class=\"message-text\">Entendemos que navegar por el proceso legal puede ser abrumador, y estamos aqu\u00ed para ofrecerle respuestas a algunas de las preguntas comunes que tienen nuestros clientes. A continuaci\u00f3n, encontrar\u00e1 informaci\u00f3n \u00fatil sobre diversos aspectos de la ley de lesiones personales y nuestros servicios legales.<\/p>\n<\/div>\n<\/div>\n<\/div>\n<p>\n<\/div><\/div><\/div><\/div><\/div><\/div><\/div><!-- cell_inner --><\/div><!-- cell --><\/div><!-- port --><\/section><section data-bb-version=\"4.5.9\" id=\"faq\" class=\"bt_bb_section bt_bb_layout_boxed_1200 bt_bb_vertical_align_top bt_bb_top_spacing_medium bt_bb_bottom_spacing_medium\"  data-bt-override-class=\"{&quot;bt_bb_top_spacing_&quot;:{&quot;current_class&quot;:&quot;bt_bb_top_spacing_medium&quot;,&quot;xxl&quot;:&quot;medium&quot;},&quot;bt_bb_bottom_spacing_&quot;:{&quot;current_class&quot;:&quot;bt_bb_bottom_spacing_medium&quot;,&quot;xxl&quot;:&quot;medium&quot;}}\"><div class=\"bt_bb_port\"><div class=\"bt_bb_cell\"><div class=\"bt_bb_cell_inner\"><div class=\"bt_bb_row \"  data-bt-override-class=\"{}\"><div class=\"bt_bb_row_holder\" ><div  class=\"bt_bb_column col-xl-12 bt_bb_align_left bt_bb_padding_normal\"  data-width=\"12\" data-bt-override-class=\"{}\"><div class=\"bt_bb_column_content bt_bb_vertical_align_top bt_bb_color_scheme_\"><div class=\"bt_bb_column_content_inner\"><div data-bb-version=\"4.5.9\" class=\"bt_bb_accordion bt_bb_color_scheme_3 bt_bb_style_filled bt_bb_shape_square\" style=\"; --accordion-primary-color:#9e715d; --accordion-secondary-color:#191919;\" data-closed=closed><div class=\"bt_bb_accordion_item\"><div class=\"bt_bb_accordion_item_title\">\u00bfC\u00f3mo s\u00e9 si tengo un caso v\u00e1lido de lesiones personales?<\/div><div class=\"bt_bb_accordion_item_content\"><div  class=\"bt_bb_text\" ><\/p>\n<div>\n<p><span style=\"font-weight: 400;\">Si ha sufrido lesiones por la negligencia o las acciones intencionadas de otra persona, es posible que tenga un caso v\u00e1lido de lesiones personales. Es importante consultar con un abogado experto en lesiones personales que pueda evaluar los detalles de su situaci\u00f3n y determinar la viabilidad de su caso. P\u00f3ngase en contacto con nosotros para una consulta gratuita para discutir los detalles de su accidente y explorar sus opciones legales.<\/span><\/p>\n<\/div>\n<p>\n<\/div><div class=\"bt_bb_separator bt_bb_border_style_none bt_bb_bottom_spacing_small\" data-bt-override-class=\"null\"><\/div><\/div><\/div><div class=\"bt_bb_accordion_item\"><div class=\"bt_bb_accordion_item_title\">\u00bfDe cu\u00e1nto tiempo dispongo para presentar una demanda por da\u00f1os personales?<\/div><div class=\"bt_bb_accordion_item_content\"><div  class=\"bt_bb_text\" ><\/p>\n<div>\n<p><span style=\"font-weight: 400;\">El plazo para presentar una demanda por lesiones personales, conocido como plazo de prescripci\u00f3n, puede variar seg\u00fan la jurisdicci\u00f3n y el tipo de caso. Es crucial actuar con prontitud y consultar con un abogado para asegurarse de que cumple todos los plazos aplicables. Retrasar el proceso puede suponer la p\u00e9rdida de su derecho a solicitar una indemnizaci\u00f3n. P\u00f3ngase en contacto con nosotros lo antes posible para que podamos evaluar su caso y guiarle a trav\u00e9s de los pasos necesarios dentro del plazo legal.<\/span><\/p>\n<\/div>\n<p>\n<\/div><div class=\"bt_bb_separator bt_bb_border_style_none bt_bb_bottom_spacing_small\" data-bt-override-class=\"null\"><\/div><\/div><\/div><div class=\"bt_bb_accordion_item\"><div class=\"bt_bb_accordion_item_title\">\u00bfCu\u00e1nto cuesta contratar a un abogado de lesiones personales?<\/div><div class=\"bt_bb_accordion_item_content\"><div  class=\"bt_bb_text\" ><\/p>\n<div>\n<p><span style=\"font-weight: 400;\">En la Oficina de Derecho de Crystal Henry, operamos sobre una base de honorarios de contingencia, lo que significa que s\u00f3lo nos pagan si recuperamos con \u00e9xito la compensaci\u00f3n para usted. Nuestras consultas iniciales son gratuitas, lo que le permite discutir su caso con nosotros sin ninguna obligaci\u00f3n financiera. Si aceptamos su caso, nuestros honorarios se basar\u00e1n en un porcentaje del acuerdo o veredicto obtenido. Creemos en proporcionar representaci\u00f3n legal accesible a todos, independientemente de los medios econ\u00f3micos.<\/span><\/p>\n<\/div>\n<p>\n<\/div><div class=\"bt_bb_separator bt_bb_border_style_none bt_bb_bottom_spacing_small\" data-bt-override-class=\"null\"><\/div><\/div><\/div><div class=\"bt_bb_accordion_item\"><div class=\"bt_bb_accordion_item_title\">\u00bfQu\u00e9 indemnizaci\u00f3n puedo recibir en un caso de lesiones personales?<\/div><div class=\"bt_bb_accordion_item_content\"><div  class=\"bt_bb_text\" ><\/p>\n<p><span style=\"font-weight: 400;\">La indemnizaci\u00f3n a la que puede optar en un caso de lesiones personales puede variar en funci\u00f3n de varios factores, como el alcance de sus lesiones, el impacto en su vida diaria, los gastos m\u00e9dicos, los salarios perdidos, el dolor y el sufrimiento, etc. Nuestros dedicados abogados evaluar\u00e1n cuidadosamente los da\u00f1os que ha sufrido y buscar\u00e1n diligentemente la m\u00e1xima compensaci\u00f3n disponible para usted bajo la ley.<\/span><\/p>\n<p>\n<\/div><div class=\"bt_bb_separator bt_bb_border_style_none bt_bb_bottom_spacing_small\" data-bt-override-class=\"null\"><\/div><\/div><\/div><div class=\"bt_bb_accordion_item\"><div class=\"bt_bb_accordion_item_title\">\u00bfIr\u00e1 mi caso a juicio?<\/div><div class=\"bt_bb_accordion_item_content\"><div  class=\"bt_bb_text\" ><\/p>\n<p><span style=\"font-weight: 400;\">Aunque muchos casos de lesiones personales se resuelven mediante acuerdos negociados, algunos casos pueden ir a juicio si no se llega a un acuerdo justo. Nuestros experimentados abogados litigantes est\u00e1n preparados para llevar su caso a los tribunales si es necesario y defender en\u00e9rgicamente sus derechos. A lo largo del proceso, le orientaremos y le mantendremos informado, asegur\u00e1ndonos de que est\u00e9 preparado para todos los posibles resultados.<\/span><\/p>\n<p>\n<\/div><div class=\"bt_bb_separator bt_bb_border_style_none bt_bb_bottom_spacing_small\" data-bt-override-class=\"null\"><\/div><\/div><\/div><div class=\"bt_bb_accordion_item\"><div class=\"bt_bb_accordion_item_title\">\u00bfQu\u00e9 debo hacer inmediatamente despu\u00e9s de un accidente o lesi\u00f3n?<\/div><div class=\"bt_bb_accordion_item_content\"><div  class=\"bt_bb_text\" ><\/p>\n<p><span style=\"font-weight: 400;\">Tras un accidente o lesi\u00f3n, su salud y seguridad deben ser la m\u00e1xima prioridad. Busque atenci\u00f3n m\u00e9dica r\u00e1pidamente, aunque sus lesiones parezcan leves. Tambi\u00e9n es importante reunir pruebas si es posible, como hacer fotos del lugar del accidente y obtener informaci\u00f3n de contacto de los testigos. En cuanto pueda, consulte a un abogado especializado en lesiones personales que pueda orientarle sobre los pasos necesarios para proteger sus derechos y presentar una demanda.<\/span><\/p>\n<p>\n<\/div><div class=\"bt_bb_separator bt_bb_border_style_none bt_bb_bottom_spacing_small\" data-bt-override-class=\"null\"><\/div><\/div><\/div><div class=\"bt_bb_accordion_item\"><div class=\"bt_bb_accordion_item_title\">\u00bfCu\u00e1nto se tarda en resolver un caso de lesiones personales?<\/div><div class=\"bt_bb_accordion_item_content\"><div  class=\"bt_bb_text\" ><\/p>\n<p><span style=\"font-weight: 400;\">La duraci\u00f3n de un caso de lesiones personales puede variar en funci\u00f3n de varios factores, como la complejidad del caso, la gravedad de las lesiones y la voluntad de las partes implicadas de negociar un acuerdo. Algunos casos pueden resolverse en pocos meses, mientras que otros pueden llevar m\u00e1s tiempo, especialmente si van a juicio. Nuestro equipo se dedica a resolver los casos de manera eficiente y eficaz, garantizando al mismo tiempo que sus mejores intereses sean prioritarios durante todo el proceso.<\/span><\/p>\n<p>\n<\/div><div class=\"bt_bb_separator bt_bb_border_style_none bt_bb_bottom_spacing_small\" data-bt-override-class=\"null\"><\/div><\/div><\/div><div class=\"bt_bb_accordion_item\"><div class=\"bt_bb_accordion_item_title\">\u00bfPuedo presentar una demanda por da\u00f1os personales si tuve parte de culpa en el accidente?<\/div><div class=\"bt_bb_accordion_item_content\"><div  class=\"bt_bb_text\" ><\/p>\n<p><span style=\"font-weight: 400;\">En muchas jurisdicciones, es posible que pueda presentar una demanda por lesiones personales aunque haya tenido parte de culpa en el accidente. El grado de culpa asignado a cada parte implicada afectar\u00e1 a la cuant\u00eda de la indemnizaci\u00f3n que usted pueda recibir. Es esencial consultar a un abogado experto en lesiones personales que pueda evaluar las circunstancias espec\u00edficas de su caso y ayudarle a comprender sus derechos y opciones.<\/span><\/p>\n<p>\n<\/div><div class=\"bt_bb_separator bt_bb_border_style_none bt_bb_bottom_spacing_small\" data-bt-override-class=\"null\"><\/div><\/div><\/div><div class=\"bt_bb_accordion_item\"><div class=\"bt_bb_accordion_item_title\">\u00bfC\u00f3mo elijo al abogado de lesiones personales adecuado para mi caso?<\/div><div class=\"bt_bb_accordion_item_content\"><div  class=\"bt_bb_text\" ><\/p>\n<p><span style=\"font-weight: 400;\">Al seleccionar un abogado de lesiones personales, es importante tener en cuenta su experiencia, historial de \u00e9xito, y su capacidad para comunicarse eficazmente y empatizar con usted. Programe consultas con posibles abogados para hablar de su caso y evaluar si se siente c\u00f3modo trabajando con ellos. Elija un abogado especializado en derecho de lesiones personales y que haya demostrado su compromiso con la defensa del cliente y el logro de resultados favorables.<\/span><\/p>\n<p>\n<\/div><div class=\"bt_bb_separator bt_bb_border_style_none bt_bb_bottom_spacing_small\" data-bt-override-class=\"null\"><\/div><\/div><\/div><\/div><div data-bb-version=\"4.5.9\" class=\"bt_bb_separator bt_bb_border_style_none bt_bb_top_spacing_none bt_bb_bottom_spacing_normal\" data-bt-override-class=\"{&quot;bt_bb_top_spacing_&quot;:{&quot;current_class&quot;:&quot;bt_bb_top_spacing_none&quot;,&quot;xxl&quot;:&quot;none&quot;},&quot;bt_bb_bottom_spacing_&quot;:{&quot;current_class&quot;:&quot;bt_bb_bottom_spacing_normal&quot;,&quot;xxl&quot;:&quot;normal&quot;}}\"><\/div><div data-bb-version=\"4.5.9\"  class=\"bt_bb_text\" style=\"color:#bbb;\"><\/p>\n<p><b><i>Descargo de responsabilidad:<\/i><\/b><i><span style=\"font-weight: 400;\">  Tenga en cuenta que las anteriores preguntas frecuentes tienen \u00fanicamente fines informativos y no deben considerarse asesoramiento jur\u00eddico. Para obtener orientaci\u00f3n personalizada y respuestas a preguntas espec\u00edficas relacionadas con su caso, le recomendamos que se ponga en contacto con nuestro equipo para una consulta exhaustiva.<\/span><\/i><\/p>\n<p>\n<\/div><div data-bb-version=\"4.5.9\" class=\"bt_bb_separator bt_bb_border_style_none bt_bb_top_spacing_none bt_bb_bottom_spacing_normal\" data-bt-override-class=\"{&quot;bt_bb_top_spacing_&quot;:{&quot;current_class&quot;:&quot;bt_bb_top_spacing_none&quot;,&quot;xxl&quot;:&quot;none&quot;},&quot;bt_bb_bottom_spacing_&quot;:{&quot;current_class&quot;:&quot;bt_bb_bottom_spacing_normal&quot;,&quot;xxl&quot;:&quot;normal&quot;}}\"><\/div><\/div><\/div><\/div><\/div><\/div><\/div><!-- cell_inner --><\/div><!-- cell --><\/div><!-- port --><\/section><\/p>\n","protected":false},"excerpt":{"rendered":"","protected":false},"author":5,"featured_media":0,"parent":0,"menu_order":0,"comment_status":"closed","ping_status":"closed","template":"","meta":{"_acf_changed":false,"inline_featured_image":false,"_monsterinsights_skip_tracking":false,"_monsterinsights_sitenote_active":false,"_monsterinsights_sitenote_note":"","_monsterinsights_sitenote_category":0,"footnotes":""},"class_list":["post-5302","page","type-page","status-publish","hentry"],"acf":[],"yoast_head":"<!-- This site is optimized with the Yoast SEO plugin v25.0 - https:\/\/yoast.com\/wordpress\/plugins\/seo\/ -->\n<title>Preguntas frecuentes - El bufete de abogados de Crystal Henry<\/title>\n<meta name=\"description\" content=\"Sum\u00e9rjase en las preguntas frecuentes sobre los servicios jur\u00eddicos de Crystal Henry. Obtenga claridad sobre sus preguntas urgentes y comprenda c\u00f3mo operamos en Houston. Sus preguntas, respondidas.\" \/>\n<meta name=\"robots\" content=\"index, follow, max-snippet:-1, max-image-preview:large, max-video-preview:-1\" \/>\n<link rel=\"canonical\" href=\"https:\/\/helpfixmywreck.com\/es\/preguntas-frecuentes\/\" \/>\n<meta property=\"og:locale\" content=\"es_MX\" \/>\n<meta property=\"og:type\" content=\"article\" \/>\n<meta property=\"og:title\" content=\"Preguntas frecuentes - El bufete de abogados de Crystal Henry\" \/>\n<meta property=\"og:description\" content=\"Sum\u00e9rjase en las preguntas frecuentes sobre los servicios jur\u00eddicos de Crystal Henry. Obtenga claridad sobre sus preguntas urgentes y comprenda c\u00f3mo operamos en Houston. Sus preguntas, respondidas.\" \/>\n<meta property=\"og:url\" content=\"https:\/\/helpfixmywreck.com\/es\/preguntas-frecuentes\/\" \/>\n<meta property=\"og:site_name\" content=\"Crystal Henry Personal Injury and Accident Lawyer\" \/>\n<meta property=\"article:publisher\" content=\"https:\/\/www.facebook.com\/CrystalHenryesq\/\" \/>\n<meta property=\"article:modified_time\" content=\"2023-08-24T14:57:39+00:00\" \/>\n<meta name=\"twitter:card\" content=\"summary_large_image\" \/>\n<meta name=\"twitter:label1\" content=\"Tiempo de lectura\" \/>\n\t<meta name=\"twitter:data1\" content=\"10 minutos\" \/>\n<script type=\"application\/ld+json\" class=\"yoast-schema-graph\">{\"@context\":\"https:\/\/schema.org\",\"@graph\":[{\"@type\":\"WebPage\",\"@id\":\"https:\/\/helpfixmywreck.com\/es\/preguntas-frecuentes\/\",\"url\":\"https:\/\/helpfixmywreck.com\/es\/preguntas-frecuentes\/\",\"name\":\"Preguntas frecuentes - El bufete de abogados de Crystal Henry\",\"isPartOf\":{\"@id\":\"https:\/\/helpfixmywreck.com\/es\/#website\"},\"datePublished\":\"2023-07-07T13:06:13+00:00\",\"dateModified\":\"2023-08-24T14:57:39+00:00\",\"description\":\"Sum\u00e9rjase en las preguntas frecuentes sobre los servicios jur\u00eddicos de Crystal Henry. Obtenga claridad sobre sus preguntas urgentes y comprenda c\u00f3mo operamos en Houston. Sus preguntas, respondidas.\",\"breadcrumb\":{\"@id\":\"https:\/\/helpfixmywreck.com\/es\/preguntas-frecuentes\/#breadcrumb\"},\"inLanguage\":\"es\",\"potentialAction\":[{\"@type\":\"ReadAction\",\"target\":[\"https:\/\/helpfixmywreck.com\/es\/preguntas-frecuentes\/\"]}]},{\"@type\":\"BreadcrumbList\",\"@id\":\"https:\/\/helpfixmywreck.com\/es\/preguntas-frecuentes\/#breadcrumb\",\"itemListElement\":[{\"@type\":\"ListItem\",\"position\":1,\"name\":\"Home\",\"item\":\"https:\/\/helpfixmywreck.com\/es\/\"},{\"@type\":\"ListItem\",\"position\":2,\"name\":\"Preguntas frecuentes\"}]},{\"@type\":\"WebSite\",\"@id\":\"https:\/\/helpfixmywreck.com\/es\/#website\",\"url\":\"https:\/\/helpfixmywreck.com\/es\/\",\"name\":\"Crystal Henry Personal Injury and Accident Lawyer\",\"description\":\"\",\"publisher\":{\"@id\":\"https:\/\/helpfixmywreck.com\/es\/#organization\"},\"alternateName\":\"Attorney Crystal Henry\",\"potentialAction\":[{\"@type\":\"SearchAction\",\"target\":{\"@type\":\"EntryPoint\",\"urlTemplate\":\"https:\/\/helpfixmywreck.com\/es\/?s={search_term_string}\"},\"query-input\":{\"@type\":\"PropertyValueSpecification\",\"valueRequired\":true,\"valueName\":\"search_term_string\"}}],\"inLanguage\":\"es\"},{\"@type\":\"Organization\",\"@id\":\"https:\/\/helpfixmywreck.com\/es\/#organization\",\"name\":\"Crystal Henry Personal Injury and Accident Lawyer\",\"alternateName\":\"Law Office of Crystal Henry\",\"url\":\"https:\/\/helpfixmywreck.com\/es\/\",\"logo\":{\"@type\":\"ImageObject\",\"inLanguage\":\"es\",\"@id\":\"https:\/\/helpfixmywreck.com\/es\/#\/schema\/logo\/image\/\",\"url\":\"http:\/\/helpfixmywreck.com\/wp-content\/uploads\/2023\/10\/Crystal-Henry-Personal-Injury-and-Accident-Lawyer-logo-1.jpg\",\"contentUrl\":\"http:\/\/helpfixmywreck.com\/wp-content\/uploads\/2023\/10\/Crystal-Henry-Personal-Injury-and-Accident-Lawyer-logo-1.jpg\",\"width\":1390,\"height\":1390,\"caption\":\"Crystal Henry Personal Injury and Accident Lawyer\"},\"image\":{\"@id\":\"https:\/\/helpfixmywreck.com\/es\/#\/schema\/logo\/image\/\"},\"sameAs\":[\"https:\/\/www.facebook.com\/CrystalHenryesq\/\",\"https:\/\/www.linkedin.com\/in\/crystal-henry-esq\/\",\"https:\/\/www.yelp.com\/biz\/crystal-henry-personal-injury-and-accident-lawyer-houston\",\"https:\/\/www.texasbar.com\/attorneys\/member.cfm?id=354538\",\"https:\/\/www.reddit.com\/user\/helpfixmywreck\/\"]}]}<\/script>\n<!-- \/ Yoast SEO plugin. -->","yoast_head_json":{"title":"Preguntas frecuentes - El bufete de abogados de Crystal Henry","description":"Sum\u00e9rjase en las preguntas frecuentes sobre los servicios jur\u00eddicos de Crystal Henry. Obtenga claridad sobre sus preguntas urgentes y comprenda c\u00f3mo operamos en Houston. Sus preguntas, respondidas.","robots":{"index":"index","follow":"follow","max-snippet":"max-snippet:-1","max-image-preview":"max-image-preview:large","max-video-preview":"max-video-preview:-1"},"canonical":"https:\/\/helpfixmywreck.com\/es\/preguntas-frecuentes\/","og_locale":"es_MX","og_type":"article","og_title":"Preguntas frecuentes - El bufete de abogados de Crystal Henry","og_description":"Sum\u00e9rjase en las preguntas frecuentes sobre los servicios jur\u00eddicos de Crystal Henry. Obtenga claridad sobre sus preguntas urgentes y comprenda c\u00f3mo operamos en Houston. Sus preguntas, respondidas.","og_url":"https:\/\/helpfixmywreck.com\/es\/preguntas-frecuentes\/","og_site_name":"Crystal Henry Personal Injury and Accident Lawyer","article_publisher":"https:\/\/www.facebook.com\/CrystalHenryesq\/","article_modified_time":"2023-08-24T14:57:39+00:00","twitter_card":"summary_large_image","twitter_misc":{"Tiempo de lectura":"10 minutos"},"schema":{"@context":"https:\/\/schema.org","@graph":[{"@type":"WebPage","@id":"https:\/\/helpfixmywreck.com\/es\/preguntas-frecuentes\/","url":"https:\/\/helpfixmywreck.com\/es\/preguntas-frecuentes\/","name":"Preguntas frecuentes - El bufete de abogados de Crystal Henry","isPartOf":{"@id":"https:\/\/helpfixmywreck.com\/es\/#website"},"datePublished":"2023-07-07T13:06:13+00:00","dateModified":"2023-08-24T14:57:39+00:00","description":"Sum\u00e9rjase en las preguntas frecuentes sobre los servicios jur\u00eddicos de Crystal Henry. Obtenga claridad sobre sus preguntas urgentes y comprenda c\u00f3mo operamos en Houston. Sus preguntas, respondidas.","breadcrumb":{"@id":"https:\/\/helpfixmywreck.com\/es\/preguntas-frecuentes\/#breadcrumb"},"inLanguage":"es","potentialAction":[{"@type":"ReadAction","target":["https:\/\/helpfixmywreck.com\/es\/preguntas-frecuentes\/"]}]},{"@type":"BreadcrumbList","@id":"https:\/\/helpfixmywreck.com\/es\/preguntas-frecuentes\/#breadcrumb","itemListElement":[{"@type":"ListItem","position":1,"name":"Home","item":"https:\/\/helpfixmywreck.com\/es\/"},{"@type":"ListItem","position":2,"name":"Preguntas frecuentes"}]},{"@type":"WebSite","@id":"https:\/\/helpfixmywreck.com\/es\/#website","url":"https:\/\/helpfixmywreck.com\/es\/","name":"Crystal Henry Personal Injury and Accident Lawyer","description":"","publisher":{"@id":"https:\/\/helpfixmywreck.com\/es\/#organization"},"alternateName":"Attorney Crystal Henry","potentialAction":[{"@type":"SearchAction","target":{"@type":"EntryPoint","urlTemplate":"https:\/\/helpfixmywreck.com\/es\/?s={search_term_string}"},"query-input":{"@type":"PropertyValueSpecification","valueRequired":true,"valueName":"search_term_string"}}],"inLanguage":"es"},{"@type":"Organization","@id":"https:\/\/helpfixmywreck.com\/es\/#organization","name":"Crystal Henry Personal Injury and Accident Lawyer","alternateName":"Law Office of Crystal Henry","url":"https:\/\/helpfixmywreck.com\/es\/","logo":{"@type":"ImageObject","inLanguage":"es","@id":"https:\/\/helpfixmywreck.com\/es\/#\/schema\/logo\/image\/","url":"http:\/\/helpfixmywreck.com\/wp-content\/uploads\/2023\/10\/Crystal-Henry-Personal-Injury-and-Accident-Lawyer-logo-1.jpg","contentUrl":"http:\/\/helpfixmywreck.com\/wp-content\/uploads\/2023\/10\/Crystal-Henry-Personal-Injury-and-Accident-Lawyer-logo-1.jpg","width":1390,"height":1390,"caption":"Crystal Henry Personal Injury and Accident Lawyer"},"image":{"@id":"https:\/\/helpfixmywreck.com\/es\/#\/schema\/logo\/image\/"},"sameAs":["https:\/\/www.facebook.com\/CrystalHenryesq\/","https:\/\/www.linkedin.com\/in\/crystal-henry-esq\/","https:\/\/www.yelp.com\/biz\/crystal-henry-personal-injury-and-accident-lawyer-houston","https:\/\/www.texasbar.com\/attorneys\/member.cfm?id=354538","https:\/\/www.reddit.com\/user\/helpfixmywreck\/"]}]}},"_links":{"self":[{"href":"https:\/\/helpfixmywreck.com\/es\/wp-json\/wp\/v2\/pages\/5302","targetHints":{"allow":["GET"]}}],"collection":[{"href":"https:\/\/helpfixmywreck.com\/es\/wp-json\/wp\/v2\/pages"}],"about":[{"href":"https:\/\/helpfixmywreck.com\/es\/wp-json\/wp\/v2\/types\/page"}],"author":[{"embeddable":true,"href":"https:\/\/helpfixmywreck.com\/es\/wp-json\/wp\/v2\/users\/5"}],"replies":[{"embeddable":true,"href":"https:\/\/helpfixmywreck.com\/es\/wp-json\/wp\/v2\/comments?post=5302"}],"version-history":[{"count":6,"href":"https:\/\/helpfixmywreck.com\/es\/wp-json\/wp\/v2\/pages\/5302\/revisions"}],"predecessor-version":[{"id":5857,"href":"https:\/\/helpfixmywreck.com\/es\/wp-json\/wp\/v2\/pages\/5302\/revisions\/5857"}],"wp:attachment":[{"href":"https:\/\/helpfixmywreck.com\/es\/wp-json\/wp\/v2\/media?parent=5302"}],"curies":[{"name":"wp","href":"https:\/\/api.w.org\/{rel}","templated":true}]}}