{"id":5289,"date":"2023-07-11T05:59:11","date_gmt":"2023-07-11T05:59:11","guid":{"rendered":"https:\/\/hfmw2.outreachbolt.com\/enviar-una-opinion\/"},"modified":"2023-09-18T07:08:57","modified_gmt":"2023-09-18T07:08:57","slug":"enviar-una-opinion","status":"publish","type":"page","link":"https:\/\/helpfixmywreck.com\/es\/enviar-una-opinion\/","title":{"rendered":"Enviar una opini\u00f3n"},"content":{"rendered":"<p><section id=\"bt_bb_section69dd0d4e7f896\" class=\"bt_bb_section bt_bb_layout_boxed_1200 bt_bb_vertical_align_top bt_bb_top_spacing_large bt_bb_bottom_spacing_large\"  data-bt-override-class=\"null\"><div class=\"bt_bb_background_image_holder_wrapper\"><div class=\"bt_bb_background_image_holder btLazyLoadBackground bt_bb_parallax\"  data-background_image_src=\"https:\/\/helpfixmywreck.com\/wp-content\/uploads\/2023\/07\/About-Crystal-Henry-Personal-Injury-Lawyer.jpg\" data-parallax=\"0.7\" data-parallax-offset=\"0\" data-parallax-zoom-start=\"1\" data-parallax-zoom-end=\"1\" data-parallax-blur-start=\"0\" data-parallax-blur-end=\"0\" data-parallax-opacity-start=\"1\" data-parallax-opacity-end=\"1\" style=\" background-image: url(&#039;https:\/\/helpfixmywreck.com\/wp-content\/plugins\/bold-page-builder\/img\/blank.gif&#039;);\"><\/div><\/div><div class=\"bt_bb_port\"><div class=\"bt_bb_cell\"><div class=\"bt_bb_cell_inner\"><div class=\"bt_bb_row \"  data-bt-override-class=\"{}\"><div class=\"bt_bb_row_holder\" ><div  class=\"bt_bb_column col-xl-12 bt_bb_align_center bt_bb_padding_normal\"  data-width=\"12\" data-bt-override-class=\"{}\"><div class=\"bt_bb_column_content bt_bb_vertical_align_top bt_bb_color_scheme_\"><div class=\"bt_bb_column_content_inner\"><div class=\"bt_bb_separator bt_bb_border_style_none bt_bb_top_spacing_normal bt_bb_bottom_spacing_medium bt_bb_hidden_xs bt_bb_hidden_ms bt_bb_hidden_sm\" data-bt-override-class=\"null\"><\/div><header data-bb-version=\"4.5.9\" class=\"bt_bb_headline bt_bb_font_weight_bold bt_bb_subheadline_text_transform_default bt_bb_color_scheme_2 bt_bb_dash_none bt_bb_size_extraextrahuge bt_bb_align_inherit\" style=\"; --primary-color:#191919; --secondary-color:#ffffff;\" data-bt-override-class=\"{&quot;bt_bb_size_&quot;:{&quot;current_class&quot;:&quot;bt_bb_size_extraextrahuge&quot;,&quot;xxl&quot;:&quot;extraextrahuge&quot;},&quot;bt_bb_align_&quot;:{&quot;current_class&quot;:&quot;bt_bb_align_inherit&quot;,&quot;xxl&quot;:&quot;inherit&quot;}}\"><h1 class=\"bt_bb_headline_tag\"><span class=\"bt_bb_headline_content\"><span>Enviar una opini\u00f3n<\/span><\/span><\/h1><\/header><div class=\"bt_bb_separator bt_bb_border_style_none bt_bb_bottom_spacing_large bt_bb_hidden_xs bt_bb_hidden_ms bt_bb_hidden_sm\" data-bt-override-class=\"null\"><\/div><\/div><\/div><\/div><\/div><\/div><\/div><!-- cell_inner --><\/div><!-- cell --><\/div><!-- port --><\/section><section data-bb-version=\"4.5.9\" id=\"bt_bb_section69dd0d4e7fbaa\" class=\"bt_bb_section bt_bb_layout_boxed_1200 bt_bb_vertical_align_top bt_bb_top_spacing_normal bt_bb_bottom_spacing_\"  data-bt-override-class=\"{&quot;bt_bb_top_spacing_&quot;:{&quot;current_class&quot;:&quot;bt_bb_top_spacing_normal&quot;,&quot;xxl&quot;:&quot;normal&quot;},&quot;bt_bb_bottom_spacing_&quot;:{&quot;current_class&quot;:&quot;bt_bb_bottom_spacing_&quot;,&quot;xxl&quot;:&quot;&quot;}}\"><div class=\"bt_bb_port\"><div class=\"bt_bb_cell\"><div class=\"bt_bb_cell_inner\"><div class=\"bt_bb_row \"  data-bt-override-class=\"{}\"><div class=\"bt_bb_row_holder\" ><div data-bb-version=\"4.5.9\"  class=\"bt_bb_column col-xl-12 col-xs-12 col-sm-12 col-md-12 col-lg-12 bt_bb_align_left bt_bb_padding_normal\"  data-width=\"12\" data-bt-override-class=\"{}\"><div class=\"bt_bb_column_content bt_bb_vertical_align_top bt_bb_color_scheme_\"><div class=\"bt_bb_column_content_inner\"><div data-bb-version=\"4.5.9\"  class=\"bt_bb_text\" ><\/p>\n<div>\n<div class=\"container\">\n<div class=\"message-data\">\n<div class=\"message-body\">\n<p class=\"message-text\">Comparta su experiencia con Crystal Henry&#8217;s Personal Injury Law Firm. Valoramos sus comentarios, ya que nos ayudan a mejorar nuestros servicios y a ayudar a otras personas que se enfrentan a retos similares. Rellene el siguiente formulario para enviar su opini\u00f3n. Gracias por elegirnos para representarle. \u00a1Tu voz nos importa!<\/p>\n<\/div>\n<\/div>\n<\/div>\n<\/div>\n<p>\n<\/div><div data-bb-version=\"4.5.9\" class=\"bt_bb_separator bt_bb_border_style_none bt_bb_top_spacing_none bt_bb_bottom_spacing_normal\" data-bt-override-class=\"{&quot;bt_bb_top_spacing_&quot;:{&quot;current_class&quot;:&quot;bt_bb_top_spacing_none&quot;,&quot;xxl&quot;:&quot;none&quot;},&quot;bt_bb_bottom_spacing_&quot;:{&quot;current_class&quot;:&quot;bt_bb_bottom_spacing_normal&quot;,&quot;xxl&quot;:&quot;normal&quot;}}\"><\/div><header data-bb-version=\"4.5.9\" class=\"bt_bb_headline bt_bb_subheadline_text_transform_default bt_bb_dash_none bt_bb_size_inherit bt_bb_align_center\" data-bt-override-class=\"{&quot;bt_bb_size_&quot;:{&quot;current_class&quot;:&quot;bt_bb_size_inherit&quot;,&quot;xxl&quot;:&quot;inherit&quot;},&quot;bt_bb_align_&quot;:{&quot;current_class&quot;:&quot;bt_bb_align_center&quot;,&quot;xxl&quot;:&quot;center&quot;}}\"><h6 class=\"bt_bb_headline_tag\"><span class=\"bt_bb_headline_content\"><span>Haga clic en cualquiera de los logotipos siguientes para dejar una opini\u00f3n<br \/><br \/>\n<\/span><\/span><\/h6><\/header><div data-bb-version=\"4.5.9\" class=\"bt_bb_separator bt_bb_border_style_none bt_bb_top_spacing_none bt_bb_bottom_spacing_normal\" data-bt-override-class=\"{&quot;bt_bb_top_spacing_&quot;:{&quot;current_class&quot;:&quot;bt_bb_top_spacing_none&quot;,&quot;xxl&quot;:&quot;none&quot;},&quot;bt_bb_bottom_spacing_&quot;:{&quot;current_class&quot;:&quot;bt_bb_bottom_spacing_normal&quot;,&quot;xxl&quot;:&quot;normal&quot;}}\"><\/div><div data-bb-version=\"4.5.9\" class=\" bt_bb_row_inner\"   data-bt-override-class=\"{}\"><div class=\"bt_bb_row_inner_holder\"  ><div data-bb-version=\"4.5.9\"  class=\"bt_bb_column_inner col-xl-6 col-xs-12 col-sm-6 col-md-6 col-lg-6 bt_bb_align_left bt_bb_vertical_align_top bt_bb_padding_normal\"  data-width=\"6\" data-bt-override-class=\"{}\"><div class=\"bt_bb_column_inner_content\"><div data-bb-version=\"4.5.9\" class=\"bt_bb_image bt_bb_shape_hard-rounded bt_bb_target_self bt_bb_align_center bt_bb_hover_style_simple bt_bb_content_display_always bt_bb_content_align_middle\" data-bt-override-class=\"{&quot;bt_bb_align_&quot;:{&quot;current_class&quot;:&quot;bt_bb_align_center&quot;,&quot;xxl&quot;:&quot;center&quot;}}\"><a href=\"https:\/\/maps.app.goo.gl\/LKLiSdexvm7xYgti9\"  target=\"_self\" title=\"Google My Business\"><img loading=\"lazy\" decoding=\"async\" width=\"80\" height=\"80\" src=\"https:\/\/helpfixmywreck.com\/wp-content\/uploads\/2023\/07\/Google-My-Business-4-1.jpg\" class=\"attachment-thumbnail size-thumbnail\" alt=\"Google My Business\" data-full_image_src=\"https:\/\/helpfixmywreck.com\/wp-content\/uploads\/2023\/07\/Google-My-Business-4-1.jpg\" title=\"Google My Business\" \/><\/a><\/div><header data-bb-version=\"4.5.9\" class=\"bt_bb_headline bt_bb_subheadline_text_transform_default bt_bb_dash_none bt_bb_subheadline bt_bb_size_inherit bt_bb_align_center btNoHeadline\" data-bt-override-class=\"{&quot;bt_bb_size_&quot;:{&quot;current_class&quot;:&quot;bt_bb_size_inherit&quot;,&quot;xxl&quot;:&quot;inherit&quot;},&quot;bt_bb_align_&quot;:{&quot;current_class&quot;:&quot;bt_bb_align_center&quot;,&quot;xxl&quot;:&quot;center&quot;}}\"><div class=\"bt_bb_headline_subheadline\">Google<\/div><\/header><\/div><\/div><div data-bb-version=\"4.5.9\"  class=\"bt_bb_column_inner col-xl-6 col-xs-12 col-sm-6 col-md-6 col-lg-6 bt_bb_align_left bt_bb_vertical_align_top bt_bb_padding_normal\"  data-width=\"6\" data-bt-override-class=\"{}\"><div class=\"bt_bb_column_inner_content\"><div data-bb-version=\"4.5.9\" class=\"bt_bb_image bt_bb_shape_hard-rounded bt_bb_target_self bt_bb_align_center bt_bb_hover_style_simple bt_bb_content_display_always bt_bb_content_align_middle\" data-bt-override-class=\"{&quot;bt_bb_align_&quot;:{&quot;current_class&quot;:&quot;bt_bb_align_center&quot;,&quot;xxl&quot;:&quot;center&quot;}}\"><a href=\"https:\/\/www.avvo.com\/attorneys\/77036-tx-crystal-henry-4958788.html\"  target=\"_self\" title=\"Google My Business\"><img loading=\"lazy\" decoding=\"async\" width=\"80\" height=\"80\" src=\"https:\/\/helpfixmywreck.com\/wp-content\/uploads\/2023\/07\/avvo.png\" class=\"attachment-thumbnail size-thumbnail\" alt=\"Google My Business\" data-full_image_src=\"https:\/\/helpfixmywreck.com\/wp-content\/uploads\/2023\/07\/avvo.png\" title=\"Google My Business\" \/><\/a><\/div><header data-bb-version=\"4.5.9\" class=\"bt_bb_headline bt_bb_subheadline_text_transform_default bt_bb_dash_none bt_bb_subheadline bt_bb_size_inherit bt_bb_align_center btNoHeadline\" data-bt-override-class=\"{&quot;bt_bb_size_&quot;:{&quot;current_class&quot;:&quot;bt_bb_size_inherit&quot;,&quot;xxl&quot;:&quot;inherit&quot;},&quot;bt_bb_align_&quot;:{&quot;current_class&quot;:&quot;bt_bb_align_center&quot;,&quot;xxl&quot;:&quot;center&quot;}}\"><div class=\"bt_bb_headline_subheadline\">Avvo<\/div><\/header><\/div><\/div><\/div><\/div><\/div><\/div><\/div><\/div><\/div><\/div><!-- cell_inner --><\/div><!-- cell --><\/div><!-- port --><\/section><section data-bb-version=\"4.5.9\" id=\"bt_bb_section69dd0d4e806d0\" class=\"bt_bb_section bt_bb_layout_boxed_1200 bt_bb_vertical_align_top bt_bb_top_spacing_normal bt_bb_bottom_spacing_normal\"  data-bt-override-class=\"{&quot;bt_bb_top_spacing_&quot;:{&quot;current_class&quot;:&quot;bt_bb_top_spacing_normal&quot;,&quot;xxl&quot;:&quot;normal&quot;},&quot;bt_bb_bottom_spacing_&quot;:{&quot;current_class&quot;:&quot;bt_bb_bottom_spacing_normal&quot;,&quot;xxl&quot;:&quot;normal&quot;}}\"><div class=\"bt_bb_port\"><div class=\"bt_bb_cell\"><div class=\"bt_bb_cell_inner\"><div class=\"bt_bb_row \"  data-bt-override-class=\"{}\"><div class=\"bt_bb_row_holder\" ><div data-bb-version=\"4.5.9\"  class=\"bt_bb_column col-xl-12 col-xs-12 col-sm-12 col-md-12 col-lg-12 bt_bb_align_left bt_bb_padding_normal\"  data-width=\"12\" data-bt-override-class=\"{}\"><div class=\"bt_bb_column_content bt_bb_vertical_align_top bt_bb_color_scheme_\"><div class=\"bt_bb_column_content_inner\"><header data-bb-version=\"4.5.9\" class=\"bt_bb_headline bt_bb_subheadline_text_transform_default bt_bb_dash_none bt_bb_size_inherit bt_bb_align_center\" data-bt-override-class=\"{&quot;bt_bb_size_&quot;:{&quot;current_class&quot;:&quot;bt_bb_size_inherit&quot;,&quot;xxl&quot;:&quot;inherit&quot;},&quot;bt_bb_align_&quot;:{&quot;current_class&quot;:&quot;bt_bb_align_center&quot;,&quot;xxl&quot;:&quot;center&quot;}}\"><h3 class=\"bt_bb_headline_tag\"><span class=\"bt_bb_headline_content\"><span><strong>Representaci\u00f3n<\/strong> reconocida<\/span><\/span><\/h3><\/header><div data-bb-version=\"4.5.9\" class=\"bt_bb_separator bt_bb_border_style_none bt_bb_top_spacing_none bt_bb_bottom_spacing_normal\" data-bt-override-class=\"{&quot;bt_bb_top_spacing_&quot;:{&quot;current_class&quot;:&quot;bt_bb_top_spacing_none&quot;,&quot;xxl&quot;:&quot;none&quot;},&quot;bt_bb_bottom_spacing_&quot;:{&quot;current_class&quot;:&quot;bt_bb_bottom_spacing_normal&quot;,&quot;xxl&quot;:&quot;normal&quot;}}\"><\/div><div data-bb-version=\"4.6.1\" class=\"bt_bb_slider image-center-slider bt_bb_height_keep-height bt_bb_multiple_slides bt_bb_multiple_slides bt_bb_animation_slide animate\"><div class=\"slick-slider\"  data-slick='{ \"lazyLoad\": \"progressive\", \"cssEase\": \"ease-out\", \"speed\": \"300\", \"prevArrow\": \"&lt;button type=\\\"button\\\" class=\\\"slick-prev\\\" aria-label=\\\"Previous\\\" tabindex=\\\"0\\\" role=\\\"button\\\"&gt;&lt;\/button&gt;\", \"nextArrow\": \"&lt;button type=\\\"button\\\" class=\\\"slick-next\\\" aria-label=\\\"Next\\\" tabindex=\\\"0\\\" role=\\\"button\\\"&gt;&lt;\/button&gt;\",\"slidesToShow\": 5, \"autoplay\": true, \"autoplaySpeed\": 2000,\"slidesToShow\": 5, \"responsive\": [{ \"breakpoint\": 480, \"settings\": { \"slidesToShow\": 1, \"slidesToScroll\": 1 } },{ \"breakpoint\": 768, \"settings\": { \"slidesToShow\": 2, \"slidesToScroll\": 2 } },{ \"breakpoint\": 992, \"settings\": { \"slidesToShow\": 3, \"slidesToScroll\": 3 } },{ \"breakpoint\": 1200, \"settings\": { \"slidesToShow\": 5, \"slidesToScroll\": 5 } },{ \"breakpoint\": 1400, \"settings\": { \"slidesToShow\": 5, \"slidesToScroll\": 5 } }]}' ><div class=\"bt_bb_slider_item\" data-src-full=\"https:\/\/helpfixmywreck.com\/wp-content\/uploads\/2023\/07\/google-reviews.png\"><img decoding=\"async\" src=\"https:\/\/helpfixmywreck.com\/wp-content\/uploads\/2023\/07\/google-reviews.png\" alt=\"google-reviews\"  title=\"google-reviews\"><\/div><div class=\"bt_bb_slider_item\" data-src-full=\"https:\/\/helpfixmywreck.com\/wp-content\/uploads\/2023\/08\/Crystal-Henry-Super-Lawyer-Badge.png\"><img decoding=\"async\" src=\"https:\/\/helpfixmywreck.com\/wp-content\/uploads\/2023\/08\/Crystal-Henry-Super-Lawyer-Badge-160x150.png\" alt=\"Crystal-Henry-Super-Lawyer-Badge\"  title=\"Crystal-Henry-Super-Lawyer-Badge\"><\/div><div class=\"bt_bb_slider_item\" data-src-full=\"https:\/\/helpfixmywreck.com\/wp-content\/uploads\/2023\/08\/Crystal-Henry-Rising-Stars-Badge-Super-Lawyers.png\"><img decoding=\"async\" src=\"https:\/\/helpfixmywreck.com\/wp-content\/uploads\/2023\/08\/Crystal-Henry-Rising-Stars-Badge-Super-Lawyers-160x150.png\" alt=\"Crystal-Henry-Rising-Stars-Badge-Super-Lawyers\"  title=\"Crystal-Henry-Rising-Stars-Badge-Super-Lawyers\"><\/div><div class=\"bt_bb_slider_item\" data-src-full=\"https:\/\/helpfixmywreck.com\/wp-content\/uploads\/2023\/07\/badge-40U40.png\"><img decoding=\"async\" src=\"https:\/\/helpfixmywreck.com\/wp-content\/uploads\/2023\/07\/badge-40U40-160x160.png\" alt=\"badge-40U40\"  title=\"badge-40U40\"><\/div><\/div><\/div><\/div><\/div><\/div><\/div><\/div><\/div><!-- cell_inner --><\/div><!-- cell --><\/div><!-- port --><\/section><\/p>\n","protected":false},"excerpt":{"rendered":"","protected":false},"author":5,"featured_media":0,"parent":0,"menu_order":0,"comment_status":"closed","ping_status":"closed","template":"","meta":{"_acf_changed":false,"inline_featured_image":false,"_monsterinsights_skip_tracking":false,"_monsterinsights_sitenote_active":false,"_monsterinsights_sitenote_note":"","_monsterinsights_sitenote_category":0,"footnotes":""},"class_list":["post-5289","page","type-page","status-publish","hentry"],"acf":[],"yoast_head":"<!-- This site is optimized with the Yoast SEO plugin v25.0 - https:\/\/yoast.com\/wordpress\/plugins\/seo\/ -->\n<title>Enviar un comentario - The Law Office of Crystal Henry<\/title>\n<meta name=\"description\" content=\"Comparte sus experiencias con Crystal Henry. Env\u00ede una rese\u00f1a y ayude a otros a comprender la calidad de la representaci\u00f3n legal que pueden esperar. Valoramos sus comentarios.\" \/>\n<meta name=\"robots\" content=\"index, follow, max-snippet:-1, max-image-preview:large, max-video-preview:-1\" \/>\n<link rel=\"canonical\" href=\"https:\/\/helpfixmywreck.com\/es\/enviar-una-opinion\/\" \/>\n<meta property=\"og:locale\" content=\"es_MX\" \/>\n<meta property=\"og:type\" content=\"article\" \/>\n<meta property=\"og:title\" content=\"Enviar un comentario - The Law Office of Crystal Henry\" \/>\n<meta property=\"og:description\" content=\"Comparte sus experiencias con Crystal Henry. Env\u00ede una rese\u00f1a y ayude a otros a comprender la calidad de la representaci\u00f3n legal que pueden esperar. Valoramos sus comentarios.\" \/>\n<meta property=\"og:url\" content=\"https:\/\/helpfixmywreck.com\/es\/enviar-una-opinion\/\" \/>\n<meta property=\"og:site_name\" content=\"Crystal Henry Personal Injury and Accident Lawyer\" \/>\n<meta property=\"article:publisher\" content=\"https:\/\/www.facebook.com\/CrystalHenryesq\/\" \/>\n<meta property=\"article:modified_time\" content=\"2023-09-18T07:08:57+00:00\" \/>\n<meta name=\"twitter:card\" content=\"summary_large_image\" \/>\n<meta name=\"twitter:label1\" content=\"Tiempo de lectura\" \/>\n\t<meta name=\"twitter:data1\" content=\"6 minutos\" \/>\n<script type=\"application\/ld+json\" class=\"yoast-schema-graph\">{\"@context\":\"https:\/\/schema.org\",\"@graph\":[{\"@type\":\"WebPage\",\"@id\":\"https:\/\/helpfixmywreck.com\/es\/enviar-una-opinion\/\",\"url\":\"https:\/\/helpfixmywreck.com\/es\/enviar-una-opinion\/\",\"name\":\"Enviar un comentario - The Law Office of Crystal Henry\",\"isPartOf\":{\"@id\":\"https:\/\/helpfixmywreck.com\/es\/#website\"},\"datePublished\":\"2023-07-11T05:59:11+00:00\",\"dateModified\":\"2023-09-18T07:08:57+00:00\",\"description\":\"Comparte sus experiencias con Crystal Henry. Env\u00ede una rese\u00f1a y ayude a otros a comprender la calidad de la representaci\u00f3n legal que pueden esperar. Valoramos sus comentarios.\",\"breadcrumb\":{\"@id\":\"https:\/\/helpfixmywreck.com\/es\/enviar-una-opinion\/#breadcrumb\"},\"inLanguage\":\"es\",\"potentialAction\":[{\"@type\":\"ReadAction\",\"target\":[\"https:\/\/helpfixmywreck.com\/es\/enviar-una-opinion\/\"]}]},{\"@type\":\"BreadcrumbList\",\"@id\":\"https:\/\/helpfixmywreck.com\/es\/enviar-una-opinion\/#breadcrumb\",\"itemListElement\":[{\"@type\":\"ListItem\",\"position\":1,\"name\":\"Home\",\"item\":\"https:\/\/helpfixmywreck.com\/es\/\"},{\"@type\":\"ListItem\",\"position\":2,\"name\":\"Enviar una opini\u00f3n\"}]},{\"@type\":\"WebSite\",\"@id\":\"https:\/\/helpfixmywreck.com\/es\/#website\",\"url\":\"https:\/\/helpfixmywreck.com\/es\/\",\"name\":\"Crystal Henry Personal Injury and Accident Lawyer\",\"description\":\"\",\"publisher\":{\"@id\":\"https:\/\/helpfixmywreck.com\/es\/#organization\"},\"alternateName\":\"Attorney Crystal Henry\",\"potentialAction\":[{\"@type\":\"SearchAction\",\"target\":{\"@type\":\"EntryPoint\",\"urlTemplate\":\"https:\/\/helpfixmywreck.com\/es\/?s={search_term_string}\"},\"query-input\":{\"@type\":\"PropertyValueSpecification\",\"valueRequired\":true,\"valueName\":\"search_term_string\"}}],\"inLanguage\":\"es\"},{\"@type\":\"Organization\",\"@id\":\"https:\/\/helpfixmywreck.com\/es\/#organization\",\"name\":\"Crystal Henry Personal Injury and Accident Lawyer\",\"alternateName\":\"Law Office of Crystal Henry\",\"url\":\"https:\/\/helpfixmywreck.com\/es\/\",\"logo\":{\"@type\":\"ImageObject\",\"inLanguage\":\"es\",\"@id\":\"https:\/\/helpfixmywreck.com\/es\/#\/schema\/logo\/image\/\",\"url\":\"http:\/\/helpfixmywreck.com\/wp-content\/uploads\/2023\/10\/Crystal-Henry-Personal-Injury-and-Accident-Lawyer-logo-1.jpg\",\"contentUrl\":\"http:\/\/helpfixmywreck.com\/wp-content\/uploads\/2023\/10\/Crystal-Henry-Personal-Injury-and-Accident-Lawyer-logo-1.jpg\",\"width\":1390,\"height\":1390,\"caption\":\"Crystal Henry Personal Injury and Accident Lawyer\"},\"image\":{\"@id\":\"https:\/\/helpfixmywreck.com\/es\/#\/schema\/logo\/image\/\"},\"sameAs\":[\"https:\/\/www.facebook.com\/CrystalHenryesq\/\",\"https:\/\/www.linkedin.com\/in\/crystal-henry-esq\/\",\"https:\/\/www.yelp.com\/biz\/crystal-henry-personal-injury-and-accident-lawyer-houston\",\"https:\/\/www.texasbar.com\/attorneys\/member.cfm?id=354538\",\"https:\/\/www.reddit.com\/user\/helpfixmywreck\/\"]}]}<\/script>\n<!-- \/ Yoast SEO plugin. -->","yoast_head_json":{"title":"Enviar un comentario - The Law Office of Crystal Henry","description":"Comparte sus experiencias con Crystal Henry. Env\u00ede una rese\u00f1a y ayude a otros a comprender la calidad de la representaci\u00f3n legal que pueden esperar. Valoramos sus comentarios.","robots":{"index":"index","follow":"follow","max-snippet":"max-snippet:-1","max-image-preview":"max-image-preview:large","max-video-preview":"max-video-preview:-1"},"canonical":"https:\/\/helpfixmywreck.com\/es\/enviar-una-opinion\/","og_locale":"es_MX","og_type":"article","og_title":"Enviar un comentario - The Law Office of Crystal Henry","og_description":"Comparte sus experiencias con Crystal Henry. Env\u00ede una rese\u00f1a y ayude a otros a comprender la calidad de la representaci\u00f3n legal que pueden esperar. Valoramos sus comentarios.","og_url":"https:\/\/helpfixmywreck.com\/es\/enviar-una-opinion\/","og_site_name":"Crystal Henry Personal Injury and Accident Lawyer","article_publisher":"https:\/\/www.facebook.com\/CrystalHenryesq\/","article_modified_time":"2023-09-18T07:08:57+00:00","twitter_card":"summary_large_image","twitter_misc":{"Tiempo de lectura":"6 minutos"},"schema":{"@context":"https:\/\/schema.org","@graph":[{"@type":"WebPage","@id":"https:\/\/helpfixmywreck.com\/es\/enviar-una-opinion\/","url":"https:\/\/helpfixmywreck.com\/es\/enviar-una-opinion\/","name":"Enviar un comentario - The Law Office of Crystal Henry","isPartOf":{"@id":"https:\/\/helpfixmywreck.com\/es\/#website"},"datePublished":"2023-07-11T05:59:11+00:00","dateModified":"2023-09-18T07:08:57+00:00","description":"Comparte sus experiencias con Crystal Henry. Env\u00ede una rese\u00f1a y ayude a otros a comprender la calidad de la representaci\u00f3n legal que pueden esperar. Valoramos sus comentarios.","breadcrumb":{"@id":"https:\/\/helpfixmywreck.com\/es\/enviar-una-opinion\/#breadcrumb"},"inLanguage":"es","potentialAction":[{"@type":"ReadAction","target":["https:\/\/helpfixmywreck.com\/es\/enviar-una-opinion\/"]}]},{"@type":"BreadcrumbList","@id":"https:\/\/helpfixmywreck.com\/es\/enviar-una-opinion\/#breadcrumb","itemListElement":[{"@type":"ListItem","position":1,"name":"Home","item":"https:\/\/helpfixmywreck.com\/es\/"},{"@type":"ListItem","position":2,"name":"Enviar una opini\u00f3n"}]},{"@type":"WebSite","@id":"https:\/\/helpfixmywreck.com\/es\/#website","url":"https:\/\/helpfixmywreck.com\/es\/","name":"Crystal Henry Personal Injury and Accident Lawyer","description":"","publisher":{"@id":"https:\/\/helpfixmywreck.com\/es\/#organization"},"alternateName":"Attorney Crystal Henry","potentialAction":[{"@type":"SearchAction","target":{"@type":"EntryPoint","urlTemplate":"https:\/\/helpfixmywreck.com\/es\/?s={search_term_string}"},"query-input":{"@type":"PropertyValueSpecification","valueRequired":true,"valueName":"search_term_string"}}],"inLanguage":"es"},{"@type":"Organization","@id":"https:\/\/helpfixmywreck.com\/es\/#organization","name":"Crystal Henry Personal Injury and Accident Lawyer","alternateName":"Law Office of Crystal Henry","url":"https:\/\/helpfixmywreck.com\/es\/","logo":{"@type":"ImageObject","inLanguage":"es","@id":"https:\/\/helpfixmywreck.com\/es\/#\/schema\/logo\/image\/","url":"http:\/\/helpfixmywreck.com\/wp-content\/uploads\/2023\/10\/Crystal-Henry-Personal-Injury-and-Accident-Lawyer-logo-1.jpg","contentUrl":"http:\/\/helpfixmywreck.com\/wp-content\/uploads\/2023\/10\/Crystal-Henry-Personal-Injury-and-Accident-Lawyer-logo-1.jpg","width":1390,"height":1390,"caption":"Crystal Henry Personal Injury and Accident Lawyer"},"image":{"@id":"https:\/\/helpfixmywreck.com\/es\/#\/schema\/logo\/image\/"},"sameAs":["https:\/\/www.facebook.com\/CrystalHenryesq\/","https:\/\/www.linkedin.com\/in\/crystal-henry-esq\/","https:\/\/www.yelp.com\/biz\/crystal-henry-personal-injury-and-accident-lawyer-houston","https:\/\/www.texasbar.com\/attorneys\/member.cfm?id=354538","https:\/\/www.reddit.com\/user\/helpfixmywreck\/"]}]}},"_links":{"self":[{"href":"https:\/\/helpfixmywreck.com\/es\/wp-json\/wp\/v2\/pages\/5289","targetHints":{"allow":["GET"]}}],"collection":[{"href":"https:\/\/helpfixmywreck.com\/es\/wp-json\/wp\/v2\/pages"}],"about":[{"href":"https:\/\/helpfixmywreck.com\/es\/wp-json\/wp\/v2\/types\/page"}],"author":[{"embeddable":true,"href":"https:\/\/helpfixmywreck.com\/es\/wp-json\/wp\/v2\/users\/5"}],"replies":[{"embeddable":true,"href":"https:\/\/helpfixmywreck.com\/es\/wp-json\/wp\/v2\/comments?post=5289"}],"version-history":[{"count":11,"href":"https:\/\/helpfixmywreck.com\/es\/wp-json\/wp\/v2\/pages\/5289\/revisions"}],"predecessor-version":[{"id":6001,"href":"https:\/\/helpfixmywreck.com\/es\/wp-json\/wp\/v2\/pages\/5289\/revisions\/6001"}],"wp:attachment":[{"href":"https:\/\/helpfixmywreck.com\/es\/wp-json\/wp\/v2\/media?parent=5289"}],"curies":[{"name":"wp","href":"https:\/\/api.w.org\/{rel}","templated":true}]}}